
{"id":358,"date":"2022-07-13T14:03:05","date_gmt":"2022-07-13T19:03:05","guid":{"rendered":"https:\/\/villabaraka.wpengine.com\/?page_id=358"},"modified":"2023-09-04T11:23:53","modified_gmt":"2023-09-04T16:23:53","slug":"recherche-villa-baraka-chalets-a-louer","status":"publish","type":"page","link":"https:\/\/villabaraka.com\/fr-ca\/recherche-villa-baraka-chalets-a-louer\/","title":{"rendered":"Recherche"},"content":{"rendered":"\t\t<div data-elementor-type=\"wp-page\" data-elementor-id=\"358\" class=\"elementor elementor-358\">\n\t\t\t\t\t\t<section class=\"elementor-section elementor-top-section elementor-element elementor-element-5f0fcec elementor-section-full_width elementor-section-height-min-height elementor-section-items-stretch slides-accueil elementor-section-height-default\" data-id=\"5f0fcec\" data-element_type=\"section\" data-e-type=\"section\" data-settings=\"{&quot;background_background&quot;:&quot;slideshow&quot;,&quot;background_slideshow_gallery&quot;:[{&quot;id&quot;:802,&quot;url&quot;:&quot;https:\\\/\\\/villabaraka.com\\\/wp-content\\\/uploads\\\/2022\\\/07\\\/IMG_7997_Original-scaled.jpg&quot;},{&quot;id&quot;:870,&quot;url&quot;:&quot;https:\\\/\\\/villabaraka.com\\\/wp-content\\\/uploads\\\/2022\\\/08\\\/beautiful-shot-orange-tent-rocky-mountain-surrounded-by-trees-during-sunset-scaled.jpg&quot;},{&quot;id&quot;:845,&quot;url&quot;:&quot;https:\\\/\\\/villabaraka.com\\\/wp-content\\\/uploads\\\/2022\\\/08\\\/beautiful-campsite-mountains-with-rv-wooden-bench-scaled.jpg&quot;}],&quot;background_slideshow_lazyload&quot;:&quot;yes&quot;,&quot;background_slideshow_loop&quot;:&quot;yes&quot;,&quot;background_slideshow_slide_duration&quot;:5000,&quot;background_slideshow_slide_transition&quot;:&quot;fade&quot;,&quot;background_slideshow_transition_duration&quot;:500}\">\n\t\t\t\t\t\t<div class=\"elementor-container elementor-column-gap-default\">\n\t\t\t\t\t<div class=\"elementor-column elementor-col-100 elementor-top-column elementor-element elementor-element-5178037\" data-id=\"5178037\" data-element_type=\"column\" data-e-type=\"column\" data-settings=\"{&quot;background_background&quot;:&quot;slideshow&quot;,&quot;background_slideshow_gallery&quot;:[{&quot;id&quot;:1040,&quot;url&quot;:&quot;https:\\\/\\\/villabaraka.com\\\/wp-content\\\/uploads\\\/2022\\\/10\\\/35fenetre-soir-scaled.jpeg&quot;},{&quot;id&quot;:1046,&quot;url&quot;:&quot;https:\\\/\\\/villabaraka.com\\\/wp-content\\\/uploads\\\/2022\\\/10\\\/38vue-arriere-soir-scaled.jpeg&quot;},{&quot;id&quot;:1044,&quot;url&quot;:&quot;https:\\\/\\\/villabaraka.com\\\/wp-content\\\/uploads\\\/2022\\\/10\\\/37fenetre-soir1-scaled.jpeg&quot;},{&quot;id&quot;:1042,&quot;url&quot;:&quot;https:\\\/\\\/villabaraka.com\\\/wp-content\\\/uploads\\\/2022\\\/10\\\/36salon-soir-scaled.jpeg&quot;}],&quot;background_slideshow_lazyload&quot;:&quot;yes&quot;,&quot;background_slideshow_ken_burns&quot;:&quot;yes&quot;,&quot;background_slideshow_loop&quot;:&quot;yes&quot;,&quot;background_slideshow_slide_duration&quot;:5000,&quot;background_slideshow_slide_transition&quot;:&quot;fade&quot;,&quot;background_slideshow_transition_duration&quot;:500,&quot;background_slideshow_ken_burns_zoom_direction&quot;:&quot;in&quot;}\">\n\t\t\t<div class=\"elementor-widget-wrap elementor-element-populated\">\n\t\t\t\t\t<div class=\"elementor-background-overlay\"><\/div>\n\t\t\t\t\t\t<section class=\"elementor-section elementor-inner-section elementor-element elementor-element-12480e3 elementor-section-boxed elementor-section-height-default elementor-section-height-default\" data-id=\"12480e3\" data-element_type=\"section\" data-e-type=\"section\">\n\t\t\t\t\t\t<div class=\"elementor-container elementor-column-gap-default\">\n\t\t\t\t\t<div class=\"elementor-column elementor-col-100 elementor-inner-column elementor-element elementor-element-5cc8fa3\" data-id=\"5cc8fa3\" data-element_type=\"column\" data-e-type=\"column\">\n\t\t\t<div class=\"elementor-widget-wrap elementor-element-populated\">\n\t\t\t\t\t\t<div class=\"elementor-element elementor-element-7b9dca6 elementor-widget elementor-widget-heading\" data-id=\"7b9dca6\" data-element_type=\"widget\" data-e-type=\"widget\" data-widget_type=\"heading.default\">\n\t\t\t\t<div class=\"elementor-widget-container\">\n\t\t\t\t\t<h2 class=\"elementor-heading-title elementor-size-default\">Villa Baraka<\/h2>\t\t\t\t<\/div>\n\t\t\t\t<\/div>\n\t\t\t\t<div class=\"elementor-element elementor-element-a9a4ad1 elementor-widget elementor-widget-heading\" data-id=\"a9a4ad1\" data-element_type=\"widget\" data-e-type=\"widget\" data-widget_type=\"heading.default\">\n\t\t\t\t<div class=\"elementor-widget-container\">\n\t\t\t\t\t<h2 class=\"elementor-heading-title elementor-size-default\">Vivez une exp\u00e9rience m\u00e9morable<\/h2>\t\t\t\t<\/div>\n\t\t\t\t<\/div>\n\t\t\t\t<div class=\"elementor-element elementor-element-e6c0dc6 elementor-widget__width-initial elementor-widget-mobile__width-inherit elementor-widget elementor-widget-text-editor\" data-id=\"e6c0dc6\" data-element_type=\"widget\" data-e-type=\"widget\" data-widget_type=\"text-editor.default\">\n\t\t\t\t<div class=\"elementor-widget-container\">\n\t\t\t\t\t\t\t\t\t<p>Villa Baraka vous propose bien plus qu\u2019une simple exp\u00e9rience en nature. Au contraire, libert\u00e9, aventure, d\u00e9paysement et \u00e9vasion sont nos mots d\u2019ordre! Quelle que soit l\u2019habitation locative que vous choisirez pour votre s\u00e9jour, vous vous assurez une exp\u00e9rience des plus m\u00e9morables!<\/p>\t\t\t\t\t\t\t\t<\/div>\n\t\t\t\t<\/div>\n\t\t\t\t\t<\/div>\n\t\t<\/div>\n\t\t\t\t\t<\/div>\n\t\t<\/section>\n\t\t\t\t\t<\/div>\n\t\t<\/div>\n\t\t\t\t\t<\/div>\n\t\t<\/section>\n\t\t\t\t<section class=\"elementor-section elementor-top-section elementor-element elementor-element-9965d4f elementor-section-boxed elementor-section-height-default elementor-section-height-default\" data-id=\"9965d4f\" data-element_type=\"section\" data-e-type=\"section\">\n\t\t\t\t\t\t<div class=\"elementor-container elementor-column-gap-default\">\n\t\t\t\t\t<div class=\"elementor-column elementor-col-100 elementor-top-column elementor-element elementor-element-d269020\" data-id=\"d269020\" data-element_type=\"column\" data-e-type=\"column\" data-settings=\"{&quot;background_background&quot;:&quot;classic&quot;}\">\n\t\t\t<div class=\"elementor-widget-wrap elementor-element-populated\">\n\t\t\t\t\t\t<div class=\"elementor-element elementor-element-e412886 elementor-widget elementor-widget-shortcode\" data-id=\"e412886\" data-element_type=\"widget\" data-e-type=\"widget\" data-widget_type=\"shortcode.default\">\n\t\t\t\t<div class=\"elementor-widget-container\">\n\t\t\t\t\t\t\t<div class=\"elementor-shortcode\">    <div class=\"recherche-chalet\">\n        <form method=\"POST\" action=\"https:\/\/villabaraka.com\/fr-ca\/recherche-villa-baraka-chalets-a-louer\/\">\n            <div class=\"inputs_field\">\n                <div class=\"champ-wrap dates\">\n                    <input class=\"form-control js-daterangepicker-clear\" name=\"dates\" id=\"dates\" type=\"text\" placeholder=\"Dates\" \/>\n                <\/div>\n                <div class=\"champ-wrap regions\">\n\n                    <select class=\"form-select\" name=\"region\" aria-label=\"Choisir une r\u00e9gion\">\n\t\t\t\t\t\t\t\t\t\t\t\t\t<option selected value=\"\">R\u00e9gion<\/option>\n\t\t\t\t\t\t\t <option id=\"\" value=\"24\">charlevoix<\/option> <option id=\"\" value=\"23\">estrie<\/option> <option id=\"\" value=\"17\">Lanaudi\u00e8re<\/option>                    <\/select>\n\n                <\/div>\n                <div class=\"champ-wrap personnes\">\n                    <input placeholder=\"Voyageurs\" type=\"number\" name=\"personnes\" \/>\n                <\/div>\n                <div class=\"champ-wrap chambres\">\n                    <input placeholder=\"Chambres\" type=\"number\" name=\"chambres\" \/>\n                <\/div>\n                <div class=\"champ-wrap recherche\">\n                    <button type=\"submit\">\n                        Trouver                    <\/button>\n                <\/div>\n                <div class=\"champ-wrap filtres\">\n                    <a id=\"bouton-filtres\">Filtres <i class=\"fas fa-sliders-h\"><\/i><\/a>\n                <\/div>\n\n\n            <\/div>\n            <div id=\"filtre-sup\" class=\"filtres-supplementaires\" style=\"display:none;\">\n                <div class=\"one_select option-caract_01\"><input  type=\"checkbox\" name=\"caracteristique[]\" id=\"caract_01\" value=\"caract_01\" > <label for=\"caract_01\">Bord de l&#039;eau<\/label><\/div><div class=\"one_select option-caract_02\"><input  type=\"checkbox\" name=\"caracteristique[]\" id=\"caract_02\" value=\"caract_02\" > <label for=\"caract_02\">Spa<\/label><\/div><div class=\"one_select option-caract_03\"><input  type=\"checkbox\" name=\"caracteristique[]\" id=\"caract_03\" value=\"caract_03\" > <label for=\"caract_03\">Piscine<\/label><\/div><div class=\"one_select option-caract_04\"><input  type=\"checkbox\" name=\"caracteristique[]\" id=\"caract_04\" value=\"caract_04\" > <label for=\"caract_04\">Foyer int\u00e9rieur<\/label><\/div><div class=\"one_select option-caract_05\"><input  type=\"checkbox\" name=\"caracteristique[]\" id=\"caract_05\" value=\"caract_05\" > <label for=\"caract_05\">Wifi<\/label><\/div><div class=\"one_select option-caract_06\"><input  type=\"checkbox\" name=\"caracteristique[]\" id=\"caract_06\" value=\"caract_06\" > <label for=\"caract_06\">Air climatis\u00e9<\/label><\/div><div class=\"one_select option-caract_07\"><input  type=\"checkbox\" name=\"caracteristique[]\" id=\"caract_07\" value=\"caract_07\" > <label for=\"caract_07\">\u00c9quipement et services<\/label><\/div><div class=\"one_select option-caract_08\"><input  type=\"checkbox\" name=\"caracteristique[]\" id=\"caract_08\" value=\"caract_08\" > <label for=\"caract_08\">Animaux permis<\/label><\/div><div class=\"one_select option-caract_09\"><input  type=\"checkbox\" name=\"caracteristique[]\" id=\"caract_09\" value=\"caract_09\" > <label for=\"caract_09\">Accessible fauteuil roulant<\/label><\/div><div class=\"one_select option-caract_10\"><input  type=\"checkbox\" name=\"caracteristique[]\" id=\"caract_10\" value=\"caract_10\" > <label for=\"caract_10\">BBQ<\/label><\/div><div class=\"one_select option-caract_11\"><input  type=\"checkbox\" name=\"caracteristique[]\" id=\"caract_11\" value=\"caract_11\" > <label for=\"caract_11\">Laveuse<\/label><\/div><div class=\"one_select option-caract_12\"><input  type=\"checkbox\" name=\"caracteristique[]\" id=\"caract_12\" value=\"caract_12\" > <label for=\"caract_12\">S\u00e9cheuse<\/label><\/div><div class=\"one_select option-caract_13\"><input  type=\"checkbox\" name=\"caracteristique[]\" id=\"caract_13\" value=\"caract_13\" > <label for=\"caract_13\">Lave-vaisselle<\/label><\/div><div class=\"one_select option-caract_14\"><input  type=\"checkbox\" name=\"caracteristique[]\" id=\"caract_14\" value=\"caract_14\" > <label for=\"caract_14\">Salle de jeux<\/label><\/div><div class=\"one_select option-caract_15\"><input  type=\"checkbox\" name=\"caracteristique[]\" id=\"caract_15\" value=\"caract_15\" > <label for=\"caract_15\">Acc\u00e8s \u00e0 l&#039;eau<\/label><\/div><div class=\"one_select option-caract_16\"><input  type=\"checkbox\" name=\"caracteristique[]\" id=\"caract_16\" value=\"caract_16\" > <label for=\"caract_16\">Foyer ext\u00e9rieur<\/label><\/div><div class=\"one_select option-caract_17\"><input  type=\"checkbox\" name=\"caracteristique[]\" id=\"caract_17\" value=\"caract_17\" > <label for=\"caract_17\">Espace de travail<\/label><\/div>            <\/div>\n        <\/form>\n    <\/div>\n<\/div>\n\t\t\t\t\t\t<\/div>\n\t\t\t\t<\/div>\n\t\t\t\t\t<\/div>\n\t\t<\/div>\n\t\t\t\t\t<\/div>\n\t\t<\/section>\n\t\t\t\t<\/div>\n\t\t","protected":false},"excerpt":{"rendered":"<p>Villa Baraka Vivez une exp\u00e9rience m\u00e9morable Villa Baraka vous propose bien plus qu\u2019une simple exp\u00e9rience en nature. Au contraire, libert\u00e9, aventure, d\u00e9paysement et \u00e9vasion sont nos mots d\u2019ordre! Quelle que soit l\u2019habitation locative que vous choisirez pour votre s\u00e9jour, vous vous assurez une exp\u00e9rience des plus m\u00e9morables!<\/p>\n","protected":false},"author":1,"featured_media":0,"parent":0,"menu_order":0,"comment_status":"closed","ping_status":"closed","template":"page-recherche.php","meta":{"footnotes":""},"class_list":["post-358","page","type-page","status-publish","hentry"],"acf":[],"_links":{"self":[{"href":"https:\/\/villabaraka.com\/fr-ca\/wp-json\/wp\/v2\/pages\/358","targetHints":{"allow":["GET"]}}],"collection":[{"href":"https:\/\/villabaraka.com\/fr-ca\/wp-json\/wp\/v2\/pages"}],"about":[{"href":"https:\/\/villabaraka.com\/fr-ca\/wp-json\/wp\/v2\/types\/page"}],"author":[{"embeddable":true,"href":"https:\/\/villabaraka.com\/fr-ca\/wp-json\/wp\/v2\/users\/1"}],"replies":[{"embeddable":true,"href":"https:\/\/villabaraka.com\/fr-ca\/wp-json\/wp\/v2\/comments?post=358"}],"version-history":[{"count":0,"href":"https:\/\/villabaraka.com\/fr-ca\/wp-json\/wp\/v2\/pages\/358\/revisions"}],"wp:attachment":[{"href":"https:\/\/villabaraka.com\/fr-ca\/wp-json\/wp\/v2\/media?parent=358"}],"curies":[{"name":"wp","href":"https:\/\/api.w.org\/{rel}","templated":true}]}}